{"id":34,"date":"2014-12-06T16:00:17","date_gmt":"2014-12-06T15:00:17","guid":{"rendered":"http:\/\/praxis-fornal.de\/?page_id=34"},"modified":"2017-10-03T12:29:32","modified_gmt":"2017-10-03T10:29:32","slug":"power-kur","status":"publish","type":"page","link":"http:\/\/praxis-fornal.de\/en\/power-kur\/","title":{"rendered":"POWER KUR"},"content":{"rendered":"<p><strong>LipoPower-Kur<\/strong><br \/>\n(ist das die Therapie, die nicht genannt werden darf? Man k\u00f6nnte sie z.B. \u201eLecithin-Therapie\u201c nennen?)<\/p>\n<p>Diese Therapie basiert auf dem Naturstoff \u201ePPC\u201c (Phosphatidylcholin), einem hoch gereinigten Lecithin, was aus der Sojabohne gewonnen wird. Auch unsere Zellmembranen bestehen zu gro\u00dfen Teilen aus Lecithinen, deren Aufgabe es ist, diese weich und durchl\u00e4ssig zu halten. Doch mit zunehmendem Alter, aber auch durch Umwelteinfl\u00fcsse, Stress und falsche Ern\u00e4hrung verlieren die Zellen ihre Flexibilit\u00e4t und erstarren mehr und mehr.<br \/>\nMittels der LipoPower-Infusionstherapie kann die Zelldurchl\u00e4ssigkeit wieder erh\u00f6ht werden, der Zellstoffwechsel optimiert und somit auch die Lebensf\u00e4higkeit der Zelle verl\u00e4ngert werden.<\/p>\n<p>&nbsp;<\/p>\n<p><strong>Anwendungsgebiete:<\/strong><\/p>\n<div class=\"starlist\"><ul>\n<li>Verbesserung des allgemeinen Wohlbefindens und der Vitalit\u00e4t<\/li>\n<li>Leberzellschutz und Leberzelltherapie<\/li>\n<li>Entgiftung<\/li>\n<li>Ged\u00e4chtnissteigerung<\/li>\n<li>Erkrankungen der Blutgef\u00e4\u00dfe<\/li>\n<li>Erkrankungen der Haut<\/li>\n<li>Erkrankungen der Nieren<\/li>\n<\/ul><\/div>\n<p>&nbsp;<\/p>\n<p><strong>Diagnostik<\/strong><br \/>\nVoraussetzung f\u00fcr eine LipoPower-Kur ist eine fundierte analytische und diagnostische Befunderhebung mit anschlie\u00dfendem individuellen Beratungsgespr\u00e4ch.<\/p>\n<p>&nbsp;<\/p>\n<p><strong>Behandlung<\/strong><br \/>\nDie Dauer der Infusion betr\u00e4gt jeweils ca. 30 &#8211; 60 Minuten. Optimal ist die Gabe von 10 Infusionen in kurzen Abst\u00e4nden. Meist ist eine Verbesserung bereits nach der 4. Infusion sp\u00fcrbar. Die LipoPower-Kur kann zwei Mal pro Jahr durchgef\u00fchrt werden.<\/p>\n","protected":false},"excerpt":{"rendered":"<p>LipoPower-Kur (ist das die Therapie, die nicht genannt werden darf? Man k\u00f6nnte sie z.B. \u201eLecithin-Therapie\u201c nennen?) Diese Therapie basiert auf dem Naturstoff \u201ePPC\u201c (Phosphatidylcholin), einem hoch gereinigten Lecithin, was aus der Sojabohne gewonnen wird. Auch unsere Zellmembranen bestehen zu gro\u00dfen Teilen aus Lecithinen, deren Aufgabe es ist, diese weich und durchl\u00e4ssig zu halten. Doch mit [&hellip;]<\/p>\n","protected":false},"author":1,"featured_media":389,"parent":0,"menu_order":0,"comment_status":"open","ping_status":"open","template":"","meta":{"footnotes":""},"class_list":["post-34","page","type-page","status-publish","has-post-thumbnail","hentry"],"_links":{"self":[{"href":"http:\/\/praxis-fornal.de\/en\/wp-json\/wp\/v2\/pages\/34","targetHints":{"allow":["GET"]}}],"collection":[{"href":"http:\/\/praxis-fornal.de\/en\/wp-json\/wp\/v2\/pages"}],"about":[{"href":"http:\/\/praxis-fornal.de\/en\/wp-json\/wp\/v2\/types\/page"}],"author":[{"embeddable":true,"href":"http:\/\/praxis-fornal.de\/en\/wp-json\/wp\/v2\/users\/1"}],"replies":[{"embeddable":true,"href":"http:\/\/praxis-fornal.de\/en\/wp-json\/wp\/v2\/comments?post=34"}],"version-history":[{"count":0,"href":"http:\/\/praxis-fornal.de\/en\/wp-json\/wp\/v2\/pages\/34\/revisions"}],"wp:featuredmedia":[{"embeddable":true,"href":"http:\/\/praxis-fornal.de\/en\/wp-json\/wp\/v2\/media\/389"}],"wp:attachment":[{"href":"http:\/\/praxis-fornal.de\/en\/wp-json\/wp\/v2\/media?parent=34"}],"curies":[{"name":"wp","href":"https:\/\/api.w.org\/{rel}","templated":true}]}}